{"id":3206,"date":"2024-07-15T14:48:04","date_gmt":"2024-07-15T12:48:04","guid":{"rendered":"https:\/\/www.ittigel.it\/historia\/"},"modified":"2024-10-16T14:05:14","modified_gmt":"2024-10-16T12:05:14","slug":"historia-premium-food-brokers","status":"publish","type":"page","link":"https:\/\/www.premiumfb.com\/es\/historia-premium-food-brokers\/","title":{"rendered":"Historia"},"content":{"rendered":"\t\t<div data-elementor-type=\"wp-page\" data-elementor-id=\"3206\" class=\"elementor elementor-3206 elementor-2246\">\n\t\t\t\t<div class=\"elementor-element elementor-element-17dd6a0 e-flex e-con-boxed e-con e-parent\" data-id=\"17dd6a0\" data-element_type=\"container\" data-e-type=\"container\">\n\t\t\t\t\t<div class=\"e-con-inner\">\n\t\t\t\t<div class=\"elementor-element elementor-element-2db9a71 wdt-dark-bg center elementor-invisible elementor-widget elementor-widget-wdt-heading\" data-id=\"2db9a71\" data-element_type=\"widget\" data-e-type=\"widget\" data-settings=\"{&quot;_animation&quot;:&quot;fadeInLeft&quot;,&quot;wdt_animation_effect&quot;:&quot;none&quot;}\" data-widget_type=\"wdt-heading.default\">\n\t\t\t\t<div class=\"elementor-widget-container\">\n\t\t\t\t\t<div class=\"wdt-heading-holder \" id=\"wdt-heading-2db9a71\"><div class=\"wdt-heading-subtitle-wrapper wdt-heading-align-center \"><span class=\"wdt-heading-subtitle\">HISTORIA<\/span><\/div><h2 class=\"wdt-heading-title-wrapper wdt-heading-align-center wdt-heading-deco-wrapper\"><span class=\"wdt-heading-title\">Desde hace mas de 25 a\u00f1os representamos a empresas de todo el mundo que confian en nuestra profecionalidad para vender sus productos en el mercado italiano.<\/span><\/h2><\/div>\t\t\t\t<\/div>\n\t\t\t\t<\/div>\n\t\t\t\t\t<\/div>\n\t\t\t\t<\/div>\n\t\t\t\t<section class=\"elementor-section elementor-top-section elementor-element elementor-element-2815228 elementor-section-boxed elementor-section-height-default elementor-section-height-default\" data-id=\"2815228\" data-element_type=\"section\" data-e-type=\"section\" data-settings=\"{&quot;background_background&quot;:&quot;classic&quot;,&quot;wdt_bg_image&quot;:{&quot;url&quot;:&quot;&quot;,&quot;id&quot;:&quot;&quot;,&quot;size&quot;:&quot;&quot;},&quot;wdt_bg_image_laptop&quot;:{&quot;url&quot;:&quot;&quot;,&quot;id&quot;:&quot;&quot;,&quot;size&quot;:&quot;&quot;},&quot;wdt_bg_image_tablet_extra&quot;:{&quot;url&quot;:&quot;&quot;,&quot;id&quot;:&quot;&quot;,&quot;size&quot;:&quot;&quot;},&quot;wdt_bg_image_tablet&quot;:{&quot;url&quot;:&quot;&quot;,&quot;id&quot;:&quot;&quot;,&quot;size&quot;:&quot;&quot;},&quot;wdt_bg_image_mobile_extra&quot;:{&quot;url&quot;:&quot;&quot;,&quot;id&quot;:&quot;&quot;,&quot;size&quot;:&quot;&quot;},&quot;wdt_bg_image_mobile&quot;:{&quot;url&quot;:&quot;&quot;,&quot;id&quot;:&quot;&quot;,&quot;size&quot;:&quot;&quot;},&quot;wdt_bg_position&quot;:&quot;center center&quot;,&quot;wdt_animation_effect&quot;:&quot;none&quot;}\">\n\t\t\t\t\t\t<div class=\"elementor-container elementor-column-gap-no\">\n\t\t\t\t\t<div class=\"elementor-column elementor-col-100 elementor-top-column elementor-element elementor-element-9e84d86\" data-id=\"9e84d86\" data-element_type=\"column\" data-e-type=\"column\">\n\t\t\t<div class=\"elementor-widget-wrap elementor-element-populated\">\n\t\t\t\t\t\t<section class=\"elementor-section elementor-inner-section elementor-element elementor-element-20287d4 elementor-section-full_width elementor-section-height-default elementor-section-height-default\" data-id=\"20287d4\" data-element_type=\"section\" data-e-type=\"section\" data-settings=\"{&quot;wdt_bg_image&quot;:{&quot;url&quot;:&quot;&quot;,&quot;id&quot;:&quot;&quot;,&quot;size&quot;:&quot;&quot;},&quot;wdt_bg_image_laptop&quot;:{&quot;url&quot;:&quot;&quot;,&quot;id&quot;:&quot;&quot;,&quot;size&quot;:&quot;&quot;},&quot;wdt_bg_image_tablet_extra&quot;:{&quot;url&quot;:&quot;&quot;,&quot;id&quot;:&quot;&quot;,&quot;size&quot;:&quot;&quot;},&quot;wdt_bg_image_tablet&quot;:{&quot;url&quot;:&quot;&quot;,&quot;id&quot;:&quot;&quot;,&quot;size&quot;:&quot;&quot;},&quot;wdt_bg_image_mobile_extra&quot;:{&quot;url&quot;:&quot;&quot;,&quot;id&quot;:&quot;&quot;,&quot;size&quot;:&quot;&quot;},&quot;wdt_bg_image_mobile&quot;:{&quot;url&quot;:&quot;&quot;,&quot;id&quot;:&quot;&quot;,&quot;size&quot;:&quot;&quot;},&quot;wdt_bg_position&quot;:&quot;center center&quot;,&quot;wdt_animation_effect&quot;:&quot;none&quot;}\">\n\t\t\t\t\t\t<div class=\"elementor-container elementor-column-gap-no\">\n\t\t\t\t\t<div class=\"elementor-column elementor-col-100 elementor-inner-column elementor-element elementor-element-00a2b87\" data-id=\"00a2b87\" data-element_type=\"column\" data-e-type=\"column\">\n\t\t\t<div class=\"elementor-widget-wrap elementor-element-populated\">\n\t\t\t\t\t\t<div class=\"elementor-element elementor-element-3bc1514 wdt-dark-bg elementor-invisible elementor-widget elementor-widget-wdt-image-box\" data-id=\"3bc1514\" data-element_type=\"widget\" data-e-type=\"widget\" data-settings=\"{&quot;gap&quot;:{&quot;unit&quot;:&quot;dpt&quot;,&quot;size&quot;:0,&quot;sizes&quot;:[]},&quot;slides_to_show_opts_tablet_extra&quot;:&quot;3&quot;,&quot;slides_to_show_opts_tablet&quot;:&quot;3&quot;,&quot;slides_to_show_opts_mobile_extra&quot;:&quot;2&quot;,&quot;_animation&quot;:&quot;fadeInRight&quot;,&quot;slides_to_show_opts&quot;:&quot;3&quot;,&quot;autoplay&quot;:&quot;yes&quot;,&quot;separator_normal_background_background&quot;:&quot;classic&quot;,&quot;separator_normal_background_color&quot;:&quot;#FFFFFF&quot;,&quot;carousel_arrows_default_normal_background_background&quot;:&quot;classic&quot;,&quot;carousel_arrows_default_normal_background_color&quot;:&quot;#BCBE00&quot;,&quot;direction&quot;:&quot;horizontal&quot;,&quot;effect&quot;:&quot;default&quot;,&quot;slides_to_show_opts_laptop&quot;:4,&quot;slides_to_show_opts_mobile&quot;:1,&quot;slides_to_scroll_opts&quot;:&quot;single&quot;,&quot;arrows&quot;:&quot;yes&quot;,&quot;speed&quot;:300,&quot;gap_laptop&quot;:{&quot;unit&quot;:&quot;px&quot;,&quot;size&quot;:&quot;&quot;,&quot;sizes&quot;:[]},&quot;gap_tablet_extra&quot;:{&quot;unit&quot;:&quot;px&quot;,&quot;size&quot;:&quot;&quot;,&quot;sizes&quot;:[]},&quot;gap_tablet&quot;:{&quot;unit&quot;:&quot;px&quot;,&quot;size&quot;:&quot;&quot;,&quot;sizes&quot;:[]},&quot;gap_mobile_extra&quot;:{&quot;unit&quot;:&quot;px&quot;,&quot;size&quot;:&quot;&quot;,&quot;sizes&quot;:[]},&quot;gap_mobile&quot;:{&quot;unit&quot;:&quot;px&quot;,&quot;size&quot;:&quot;&quot;,&quot;sizes&quot;:[]},&quot;autoplay_speed&quot;:5000,&quot;allow_touch&quot;:&quot;yes&quot;,&quot;centered_slides&quot;:&quot;no&quot;,&quot;pause_on_interaction&quot;:&quot;yes&quot;,&quot;carousel_arrows_prev_arrow_vertical_top_indent&quot;:{&quot;unit&quot;:&quot;%&quot;,&quot;size&quot;:&quot;&quot;,&quot;sizes&quot;:[]},&quot;carousel_arrows_prev_arrow_vertical_top_indent_laptop&quot;:{&quot;unit&quot;:&quot;px&quot;,&quot;size&quot;:&quot;&quot;,&quot;sizes&quot;:[]},&quot;carousel_arrows_prev_arrow_vertical_top_indent_tablet_extra&quot;:{&quot;unit&quot;:&quot;px&quot;,&quot;size&quot;:&quot;&quot;,&quot;sizes&quot;:[]},&quot;carousel_arrows_prev_arrow_vertical_top_indent_tablet&quot;:{&quot;unit&quot;:&quot;%&quot;,&quot;size&quot;:&quot;&quot;,&quot;sizes&quot;:[]},&quot;carousel_arrows_prev_arrow_vertical_top_indent_mobile_extra&quot;:{&quot;unit&quot;:&quot;px&quot;,&quot;size&quot;:&quot;&quot;,&quot;sizes&quot;:[]},&quot;carousel_arrows_prev_arrow_vertical_top_indent_mobile&quot;:{&quot;unit&quot;:&quot;%&quot;,&quot;size&quot;:&quot;&quot;,&quot;sizes&quot;:[]},&quot;carousel_arrows_prev_arrow_horizontal_left_indent&quot;:{&quot;unit&quot;:&quot;%&quot;,&quot;size&quot;:&quot;&quot;,&quot;sizes&quot;:[]},&quot;carousel_arrows_prev_arrow_horizontal_left_indent_laptop&quot;:{&quot;unit&quot;:&quot;px&quot;,&quot;size&quot;:&quot;&quot;,&quot;sizes&quot;:[]},&quot;carousel_arrows_prev_arrow_horizontal_left_indent_tablet_extra&quot;:{&quot;unit&quot;:&quot;px&quot;,&quot;size&quot;:&quot;&quot;,&quot;sizes&quot;:[]},&quot;carousel_arrows_prev_arrow_horizontal_left_indent_tablet&quot;:{&quot;unit&quot;:&quot;%&quot;,&quot;size&quot;:&quot;&quot;,&quot;sizes&quot;:[]},&quot;carousel_arrows_prev_arrow_horizontal_left_indent_mobile_extra&quot;:{&quot;unit&quot;:&quot;px&quot;,&quot;size&quot;:&quot;&quot;,&quot;sizes&quot;:[]},&quot;carousel_arrows_prev_arrow_horizontal_left_indent_mobile&quot;:{&quot;unit&quot;:&quot;%&quot;,&quot;size&quot;:&quot;&quot;,&quot;sizes&quot;:[]},&quot;carousel_arrows_next_arrow_vertical_top_indent&quot;:{&quot;unit&quot;:&quot;%&quot;,&quot;size&quot;:&quot;&quot;,&quot;sizes&quot;:[]},&quot;carousel_arrows_next_arrow_vertical_top_indent_laptop&quot;:{&quot;unit&quot;:&quot;px&quot;,&quot;size&quot;:&quot;&quot;,&quot;sizes&quot;:[]},&quot;carousel_arrows_next_arrow_vertical_top_indent_tablet_extra&quot;:{&quot;unit&quot;:&quot;px&quot;,&quot;size&quot;:&quot;&quot;,&quot;sizes&quot;:[]},&quot;carousel_arrows_next_arrow_vertical_top_indent_tablet&quot;:{&quot;unit&quot;:&quot;%&quot;,&quot;size&quot;:&quot;&quot;,&quot;sizes&quot;:[]},&quot;carousel_arrows_next_arrow_vertical_top_indent_mobile_extra&quot;:{&quot;unit&quot;:&quot;px&quot;,&quot;size&quot;:&quot;&quot;,&quot;sizes&quot;:[]},&quot;carousel_arrows_next_arrow_vertical_top_indent_mobile&quot;:{&quot;unit&quot;:&quot;%&quot;,&quot;size&quot;:&quot;&quot;,&quot;sizes&quot;:[]},&quot;carousel_arrows_next_arrow_horizontal_left_indent&quot;:{&quot;unit&quot;:&quot;%&quot;,&quot;size&quot;:&quot;&quot;,&quot;sizes&quot;:[]},&quot;carousel_arrows_next_arrow_horizontal_left_indent_laptop&quot;:{&quot;unit&quot;:&quot;px&quot;,&quot;size&quot;:&quot;&quot;,&quot;sizes&quot;:[]},&quot;carousel_arrows_next_arrow_horizontal_left_indent_tablet_extra&quot;:{&quot;unit&quot;:&quot;px&quot;,&quot;size&quot;:&quot;&quot;,&quot;sizes&quot;:[]},&quot;carousel_arrows_next_arrow_horizontal_left_indent_tablet&quot;:{&quot;unit&quot;:&quot;%&quot;,&quot;size&quot;:&quot;&quot;,&quot;sizes&quot;:[]},&quot;carousel_arrows_next_arrow_horizontal_left_indent_mobile_extra&quot;:{&quot;unit&quot;:&quot;px&quot;,&quot;size&quot;:&quot;&quot;,&quot;sizes&quot;:[]},&quot;carousel_arrows_next_arrow_horizontal_left_indent_mobile&quot;:{&quot;unit&quot;:&quot;%&quot;,&quot;size&quot;:&quot;&quot;,&quot;sizes&quot;:[]},&quot;wdt_animation_effect&quot;:&quot;none&quot;}\" data-widget_type=\"wdt-image-box.default\">\n\t\t\t\t<div class=\"elementor-widget-container\">\n\t\t\t\t\t<div class=\"wdt-image-box-holder  wdt-content-item-holder wdt-carousel-holder wdt-rc-template-custom-template wdt-image-active-class\" id=\"wdt-image-box-3bc1514\" data-id=\"3bc1514\" data-settings=\"{&quot;enable_popup&quot;:&quot;&quot;,&quot;enable_hover_class&quot;:&quot;yes&quot;}\"><div class=\"wdt-image-box-container swiper\" data-settings=\"{&quot;direction&quot;:&quot;horizontal&quot;,&quot;grid_view&quot;:&quot;&quot;,&quot;effect&quot;:&quot;default&quot;,&quot;slides_to_show&quot;:&quot;3&quot;,&quot;slides_to_scroll&quot;:1,&quot;arrows&quot;:&quot;yes&quot;,&quot;pagination&quot;:&quot;&quot;,&quot;mouse_wheel_scroll&quot;:&quot;&quot;,&quot;speed&quot;:300,&quot;autoplay&quot;:&quot;yes&quot;,&quot;autoplay_speed&quot;:5000,&quot;autoplay_direction&quot;:&quot;&quot;,&quot;allow_touch&quot;:&quot;yes&quot;,&quot;loop&quot;:&quot;&quot;,&quot;centered_slides&quot;:&quot;no&quot;,&quot;pause_on_interaction&quot;:&quot;yes&quot;,&quot;overflow_type&quot;:&quot;&quot;,&quot;overflow_opacity&quot;:&quot;&quot;,&quot;unequal_height_compatability&quot;:null,&quot;gap&quot;:0,&quot;responsive&quot;:[{&quot;breakpoint&quot;:319,&quot;toshow&quot;:1,&quot;toscroll&quot;:1},{&quot;breakpoint&quot;:481,&quot;toshow&quot;:2,&quot;toscroll&quot;:1},{&quot;breakpoint&quot;:768,&quot;toshow&quot;:3,&quot;toscroll&quot;:1},{&quot;breakpoint&quot;:1025,&quot;toshow&quot;:3,&quot;toscroll&quot;:1},{&quot;breakpoint&quot;:1281,&quot;toshow&quot;:4,&quot;toscroll&quot;:1},{&quot;breakpoint&quot;:1541,&quot;toshow&quot;:3,&quot;toscroll&quot;:1}],&quot;space_between_gaps&quot;:{&quot;desktop&quot;:0,&quot;mobile&quot;:0,&quot;mobile_extra&quot;:0,&quot;tablet&quot;:0,&quot;tablet_extra&quot;:0,&quot;laptop&quot;:0}}\" id=\"wdt-image-box-swiper-3bc1514\"><div class=\"wdt-image-box-wrapper swiper-wrapper\"><div class=\"swiper-slide\"><div class=\"wdt-content-item\"><div class=\"wdt-content-media-group\"><div class=\"wdt-content-image-wrapper \"><div class=\"wdt-content-image\"><a href=\"#\" target=\"_blank\" rel=\"nofollow\" ><img fetchpriority=\"high\" decoding=\"async\" width=\"700\" height=\"700\" src=\"https:\/\/www.premiumfb.com\/wp-content\/uploads\/2024\/07\/1998.jpg\" class=\"attachment-full size-full wp-image-2261\" alt=\"La nostra storia 1998\" srcset=\"https:\/\/www.premiumfb.com\/wp-content\/uploads\/2024\/07\/1998.jpg 700w, https:\/\/www.premiumfb.com\/wp-content\/uploads\/2024\/07\/1998-300x300.jpg 300w, https:\/\/www.premiumfb.com\/wp-content\/uploads\/2024\/07\/1998-150x150.jpg 150w\" sizes=\"(max-width: 700px) 100vw, 700px\" \/><\/a><\/div><\/div><div class=\"wdt-content-elements-group wdt-media-group wdt-media-image-default\"><div class=\"wdt-content-title\"><h5><a href=\"#\" target=\"_blank\" rel=\"nofollow\" >1998<\/a><\/h5><\/div><div class=\"wdt-content-separator separator-1\"><span><\/span><\/div><div class=\"wdt-content-subtitle\">Nacimiento<\/div><\/div><\/div><div class=\"wdt-content-detail-group\"><div class=\"wdt-content-description\">Ittigel se fund\u00f3 en 1998 a partir de una idea de Luca y Marco Schiaretti.\n<br><br>\nInicialmente los dos hermanos combinaron el comercio mayorista al por mayor de pescado fresco y congelado con la representaci\u00f3n de empresas extranjeras.\n<br><br>\nUnos a\u00f1os m\u00e1s tarde en 2001 Ittigel se convirti\u00f3 en agencia de representaci\u00f2n y se especializ\u00f3 en el sector de los alimentos congelados.<\/div><div class=\"wdt-content-elements-group wdt-content-group \"><div class=\"wdt-content-separator separator-2\"><span><\/span><\/div><\/div><\/div><\/div><\/div><div class=\"swiper-slide\"><div class=\"wdt-content-item\"><div class=\"wdt-content-media-group\"><div class=\"wdt-content-image-wrapper \"><div class=\"wdt-content-image\"><a href=\"#\" target=\"_blank\" rel=\"nofollow\" ><img decoding=\"async\" width=\"700\" height=\"700\" src=\"https:\/\/www.premiumfb.com\/wp-content\/uploads\/2024\/07\/2005.jpg\" class=\"attachment-full size-full wp-image-2262\" alt=\"La nostra storia 2005\" srcset=\"https:\/\/www.premiumfb.com\/wp-content\/uploads\/2024\/07\/2005.jpg 700w, https:\/\/www.premiumfb.com\/wp-content\/uploads\/2024\/07\/2005-300x300.jpg 300w, https:\/\/www.premiumfb.com\/wp-content\/uploads\/2024\/07\/2005-150x150.jpg 150w\" sizes=\"(max-width: 700px) 100vw, 700px\" \/><\/a><\/div><\/div><div class=\"wdt-content-elements-group wdt-media-group wdt-media-image-default\"><div class=\"wdt-content-title\"><h5><a href=\"#\" target=\"_blank\" rel=\"nofollow\" >2005<\/a><\/h5><\/div><div class=\"wdt-content-separator separator-1\"><span><\/span><\/div><div class=\"wdt-content-subtitle\">Crecimiento<\/div><\/div><\/div><div class=\"wdt-content-detail-group\"><div class=\"wdt-content-description\">Las visitas a clientes y potenciales proveedores se intensifican. El volumen de negocio aumenta. Ittigel participa en las principales ferias comerciales, donde crea una red de relaciones a nivel internacional.\n<br><br>\nA partir de algunos de estos enquentros han nacido colaboraciones desde hace mas de 15 a\u00f1os.\n<br><br>\nUno de los valores principales de nuestra empres esta en la voluntad de construir con lo proveedores relaciones a largo andar basadas en la confianza y los objectivos subdivisos. Al Al final abrimos la oficina en la calle Roma en Colorno.<\/div><div class=\"wdt-content-elements-group wdt-content-group \"><div class=\"wdt-content-separator separator-2\"><span><\/span><\/div><\/div><\/div><\/div><\/div><div class=\"swiper-slide\"><div class=\"wdt-content-item\"><div class=\"wdt-content-media-group\"><div class=\"wdt-content-image-wrapper \"><div class=\"wdt-content-image\"><a href=\"#\" target=\"_blank\" rel=\"nofollow\" ><img decoding=\"async\" width=\"700\" height=\"700\" src=\"https:\/\/www.premiumfb.com\/wp-content\/uploads\/2024\/07\/2018.jpg\" class=\"attachment-full size-full wp-image-2263\" alt=\"La nostra storia 2018\" srcset=\"https:\/\/www.premiumfb.com\/wp-content\/uploads\/2024\/07\/2018.jpg 700w, https:\/\/www.premiumfb.com\/wp-content\/uploads\/2024\/07\/2018-300x300.jpg 300w, https:\/\/www.premiumfb.com\/wp-content\/uploads\/2024\/07\/2018-150x150.jpg 150w\" sizes=\"(max-width: 700px) 100vw, 700px\" \/><\/a><\/div><\/div><div class=\"wdt-content-elements-group wdt-media-group wdt-media-image-default\"><div class=\"wdt-content-title\"><h5><a href=\"#\" target=\"_blank\" rel=\"nofollow\" >2018<\/a><\/h5><\/div><div class=\"wdt-content-separator separator-1\"><span><\/span><\/div><div class=\"wdt-content-subtitle\">Los primeros 20 a\u00f1os<\/div><\/div><\/div><div class=\"wdt-content-detail-group\"><div class=\"wdt-content-description\">Han pasado 20 a\u00f1os desde 1998, Ittigel ha llegado a ser una realidad consolidada en el sector de los productos de pescado congelado y cuenta con un grupo de proveedores tanto europeos como no europeos; y sus clientes estan diversificados en todo el territorio nacional.\n<br><br>\nPara conmemorar 20 a\u00f1os de actividad, la agencia se traslada a la nueva oficina de Piazzale Caduti del Lavoro.<\/div><div class=\"wdt-content-elements-group wdt-content-group \"><div class=\"wdt-content-separator separator-2\"><span><\/span><\/div><\/div><\/div><\/div><\/div><div class=\"swiper-slide\"><div class=\"wdt-content-item\"><div class=\"wdt-content-media-group\"><div class=\"wdt-content-image-wrapper \"><div class=\"wdt-content-image\"><a href=\"#\" target=\"_blank\" rel=\"nofollow\" ><img loading=\"lazy\" decoding=\"async\" width=\"700\" height=\"700\" src=\"https:\/\/www.premiumfb.com\/wp-content\/uploads\/2024\/09\/team_092024_700x700.jpg\" class=\"attachment-full size-full wp-image-2931\" alt=\"Team Ittigel\" srcset=\"https:\/\/www.premiumfb.com\/wp-content\/uploads\/2024\/09\/team_092024_700x700.jpg 700w, https:\/\/www.premiumfb.com\/wp-content\/uploads\/2024\/09\/team_092024_700x700-300x300.jpg 300w, https:\/\/www.premiumfb.com\/wp-content\/uploads\/2024\/09\/team_092024_700x700-150x150.jpg 150w\" sizes=\"(max-width: 700px) 100vw, 700px\" \/><\/a><\/div><\/div><div class=\"wdt-content-elements-group wdt-media-group wdt-media-image-default\"><div class=\"wdt-content-title\"><h5><a href=\"#\" target=\"_blank\" rel=\"nofollow\" >2021<\/a><\/h5><\/div><div class=\"wdt-content-separator separator-1\"><span><\/span><\/div><div class=\"wdt-content-subtitle\">Hace a nuevos mercados<\/div><\/div><\/div><div class=\"wdt-content-detail-group\"><div class=\"wdt-content-description\"><p>El equipo de Ittigel se ampl\u00eda siguiendo el progreso de la agencia, que se abre a nuevos or\u00edgenes como India, China, Indonesia para ser m\u00e1s competitivos y ofrecer una gama m\u00e1s amplia de productos a distribuidores, mayoristas y el servicio de alimentaci\u00f3n a los que suele servir.<\/p><\/div><div class=\"wdt-content-elements-group wdt-content-group \"><div class=\"wdt-content-separator separator-2\"><span><\/span><\/div><\/div><\/div><\/div><\/div><div class=\"swiper-slide\"><div class=\"wdt-content-item\"><div class=\"wdt-content-media-group\"><div class=\"wdt-content-image-wrapper \"><div class=\"wdt-content-image\"><a href=\"#\" target=\"_blank\" rel=\"nofollow\" ><img loading=\"lazy\" decoding=\"async\" width=\"700\" height=\"700\" src=\"https:\/\/www.premiumfb.com\/wp-content\/uploads\/2024\/10\/nascita-Premium-food-brokers.jpg\" class=\"attachment-full size-full wp-image-3799\" alt=\"Nasce Premium Food Brokers\" srcset=\"https:\/\/www.premiumfb.com\/wp-content\/uploads\/2024\/10\/nascita-Premium-food-brokers.jpg 700w, https:\/\/www.premiumfb.com\/wp-content\/uploads\/2024\/10\/nascita-Premium-food-brokers-300x300.jpg 300w, https:\/\/www.premiumfb.com\/wp-content\/uploads\/2024\/10\/nascita-Premium-food-brokers-150x150.jpg 150w\" sizes=\"(max-width: 700px) 100vw, 700px\" \/><\/a><\/div><\/div><div class=\"wdt-content-elements-group wdt-media-group wdt-media-image-default\"><div class=\"wdt-content-title\"><h5><a href=\"#\" target=\"_blank\" rel=\"nofollow\" >2023<\/a><\/h5><\/div><div class=\"wdt-content-separator separator-1\"><span><\/span><\/div><div class=\"wdt-content-subtitle\">La nueva division<\/div><\/div><\/div><div class=\"wdt-content-detail-group\"><div class=\"wdt-content-description\">Despu\u00e9s de celebrar sus 25 a\u00f1os de de actividad en noviembre de 2023, la agencia opta por ampliar su radio de acci\u00f3n y ofrecer sus conocimientos t\u00e9cnicos tambi\u00e9n a empresas extranjeras activas en sectores distintos de la pesca.\n<br><br>\nA partir de aqui, nace Premium Food Brokers.<\/div><div class=\"wdt-content-elements-group wdt-content-group \"><div class=\"wdt-content-separator separator-2\"><span><\/span><\/div><\/div><\/div><\/div><\/div><div class=\"swiper-slide\"><div class=\"wdt-content-item\"><div class=\"wdt-content-media-group\"><div class=\"wdt-content-image-wrapper \"><div class=\"wdt-content-image\"><a href=\"#\" target=\"_blank\" rel=\"nofollow\" ><img loading=\"lazy\" decoding=\"async\" width=\"700\" height=\"700\" src=\"https:\/\/www.premiumfb.com\/wp-content\/uploads\/2024\/07\/2024.jpg\" class=\"attachment-full size-full wp-image-2265\" alt=\"La nostra storia 2024\" srcset=\"https:\/\/www.premiumfb.com\/wp-content\/uploads\/2024\/07\/2024.jpg 700w, https:\/\/www.premiumfb.com\/wp-content\/uploads\/2024\/07\/2024-300x300.jpg 300w, https:\/\/www.premiumfb.com\/wp-content\/uploads\/2024\/07\/2024-150x150.jpg 150w\" sizes=\"(max-width: 700px) 100vw, 700px\" \/><\/a><\/div><\/div><div class=\"wdt-content-elements-group wdt-media-group wdt-media-image-default\"><div class=\"wdt-content-title\"><h5><a href=\"#\" target=\"_blank\" rel=\"nofollow\" >2025<\/a><\/h5><\/div><div class=\"wdt-content-separator separator-1\"><span><\/span><\/div><div class=\"wdt-content-subtitle\">Prospectivas<\/div><\/div><\/div><div class=\"wdt-content-detail-group\"><div class=\"wdt-content-description\">En Mayo 2024 Ittigel se traslada a Parma. Empieza as\u00ec un nuevo capitulo en el que la empresa confirma la voluntad de consolidcion, crecimiento y diversificacion hacia la propria oferta.\n<br><br>\nEstos cambios son el resultado de un esfuerzo constante por mejorar los servicios ofrecidos a los proprios clientes y proveedores.<\/div><div class=\"wdt-content-elements-group wdt-content-group \"><div class=\"wdt-content-separator separator-2\"><span><\/span><\/div><\/div><\/div><\/div><\/div><\/div><\/div><div class=\"wdt-carousel-pagination-wrapper\"><div class=\"wdt-swiper-pagination wdt-swiper-pagination-3bc1514\"><\/div><div class=\"wdt-carousel-arrow-pagination\"><div class=\"wdt-arrow-pagination-prev wdt-arrow-pagination-prev-3bc1514\"><svg aria-hidden=\"true\" class=\"e-font-icon-svg e-fas-arrow-left\" viewBox=\"0 0 448 512\" xmlns=\"http:\/\/www.w3.org\/2000\/svg\"><path d=\"M257.5 445.1l-22.2 22.2c-9.4 9.4-24.6 9.4-33.9 0L7 273c-9.4-9.4-9.4-24.6 0-33.9L201.4 44.7c9.4-9.4 24.6-9.4 33.9 0l22.2 22.2c9.5 9.5 9.3 25-.4 34.3L136.6 216H424c13.3 0 24 10.7 24 24v32c0 13.3-10.7 24-24 24H136.6l120.5 114.8c9.8 9.3 10 24.8.4 34.3z\"><\/path><\/svg><\/div><div class=\"wdt-arrow-pagination-next wdt-arrow-pagination-next-3bc1514\"><svg aria-hidden=\"true\" class=\"e-font-icon-svg e-fas-arrow-right\" viewBox=\"0 0 448 512\" xmlns=\"http:\/\/www.w3.org\/2000\/svg\"><path d=\"M190.5 66.9l22.2-22.2c9.4-9.4 24.6-9.4 33.9 0L441 239c9.4 9.4 9.4 24.6 0 33.9L246.6 467.3c-9.4 9.4-24.6 9.4-33.9 0l-22.2-22.2c-9.5-9.5-9.3-25 .4-34.3L311.4 296H24c-13.3 0-24-10.7-24-24v-32c0-13.3 10.7-24 24-24h287.4L190.9 101.2c-9.8-9.3-10-24.8-.4-34.3z\"><\/path><\/svg><\/div><\/div><\/div><\/div>\t\t\t\t<\/div>\n\t\t\t\t<\/div>\n\t\t\t\t\t<\/div>\n\t\t<\/div>\n\t\t\t\t\t<\/div>\n\t\t<\/section>\n\t\t\t\t\t<\/div>\n\t\t<\/div>\n\t\t\t\t\t<\/div>\n\t\t<\/section>\n\t\t\t\t<\/div>\n\t\t","protected":false},"excerpt":{"rendered":"<p>HISTORIA Desde hace mas de 25 a\u00f1os representamos a empresas de todo el mundo que confian en nuestra profecionalidad para vender sus productos en el mercado italiano. 1998 NacimientoIttigel se fund\u00f3 en 1998 a partir de una idea de Luca y Marco Schiaretti. Inicialmente los dos hermanos combinaron el comercio mayorista al por mayor de [&hellip;]<\/p>\n","protected":false},"author":1,"featured_media":3203,"parent":0,"menu_order":0,"comment_status":"closed","ping_status":"closed","template":"elementor_header_footer","meta":{"_uf_show_specific_survey":0,"_uf_disable_surveys":false,"footnotes":""},"class_list":["post-3206","page","type-page","status-publish","has-post-thumbnail","hentry"],"aioseo_notices":[],"_links":{"self":[{"href":"https:\/\/www.premiumfb.com\/es\/wp-json\/wp\/v2\/pages\/3206","targetHints":{"allow":["GET"]}}],"collection":[{"href":"https:\/\/www.premiumfb.com\/es\/wp-json\/wp\/v2\/pages"}],"about":[{"href":"https:\/\/www.premiumfb.com\/es\/wp-json\/wp\/v2\/types\/page"}],"author":[{"embeddable":true,"href":"https:\/\/www.premiumfb.com\/es\/wp-json\/wp\/v2\/users\/1"}],"replies":[{"embeddable":true,"href":"https:\/\/www.premiumfb.com\/es\/wp-json\/wp\/v2\/comments?post=3206"}],"version-history":[{"count":13,"href":"https:\/\/www.premiumfb.com\/es\/wp-json\/wp\/v2\/pages\/3206\/revisions"}],"predecessor-version":[{"id":3926,"href":"https:\/\/www.premiumfb.com\/es\/wp-json\/wp\/v2\/pages\/3206\/revisions\/3926"}],"wp:featuredmedia":[{"embeddable":true,"href":"https:\/\/www.premiumfb.com\/es\/wp-json\/wp\/v2\/media\/3203"}],"wp:attachment":[{"href":"https:\/\/www.premiumfb.com\/es\/wp-json\/wp\/v2\/media?parent=3206"}],"curies":[{"name":"wp","href":"https:\/\/api.w.org\/{rel}","templated":true}]}}